{"id":2886,"date":"2017-10-30T21:12:52","date_gmt":"2017-10-30T21:12:52","guid":{"rendered":"http:\/\/artesmarciaisalbufeira.com\/pt\/?page_id=2886"},"modified":"2017-10-30T21:13:07","modified_gmt":"2017-10-30T21:13:07","slug":"condicoes-de-servicos","status":"publish","type":"page","link":"https:\/\/artesmarciaisalbufeira.com\/pt\/condicoes-de-servicos\/","title":{"rendered":"Condi\u00e7\u00f5es de Servi\u00e7os"},"content":{"rendered":"<h2>Clube de Artes Marciais de Albufeira<\/h2>\n<p>Telem\u00f3vel: +351 964 632 220 (Presidente Luis Silva)<\/p>\n<p>Mail: <a href=\"mailto:geral@artesmarciaisalbufeira.com\">geral@artesmarciaisalbufeira.com<\/a><\/p>\n<p>Clube de Artes Marciais de Albufeira<br \/>\nFundado Dia 9 de Dezembro de 2008<br \/>\nNIF: 508817030<\/p>\n<h3>Corpos Sociais<\/h3>\n<p>Constitui\u00e7\u00e3o do Clube de Artes Marciais de Albufeira<\/p>\n<p><strong>A Mesa de Assembleia Geral<\/strong><br \/>\nPresidente: Ant\u00f3nio Luis Silva Pita<br \/>\nVice-presidente: Fernando Edmundo Martins Rodrigues<br \/>\nSecretaria: Aline Santana Silva<\/p>\n<p><strong>Direc\u00e7\u00e3o<\/strong><br \/>\nPresidente: Lu\u00eds Miguel Soares Igl\u00e9sias Da Silva<br \/>\nVice-presidente: Dominic Nunes Carrilho<br \/>\nTesoureiro: Victor Manuel Freitas Val\u00e9rio<br \/>\nSecretario Geral: Lu\u00eds Filipe Soares Igl\u00e9sias Da Silva<br \/>\nVogal: Ana Maria Estronca Laranjo<\/p>\n<p><strong>Conselho Fiscal<\/strong><br \/>\nPresidente: Domingos Ant\u00f3nio Nunes Carrilho<br \/>\nSecretario: Tiago Miguel Correia Vieira<br \/>\nVogal: Carlos Richard Furtado<\/p>\n<p><strong>Termos de Uso<\/strong><\/p>\n<p>Despite all reasonable efforts to monitor content, artesmarciaisalbufeira.com can accept no liability for the content of external sites accessed via links on the artesmarciaisalbufeira.com website.<br \/>\nThe providers of linked sites are solely responsible for their content.<\/p>\n<h3>Webservice \/ Webdesign by<\/h3>\n<p>Carrilho Productions &#8211; <a href=\"http:\/\/www.carrilho.com\" target=\"_blank\" rel=\"noopener\">www.carrilho.com<\/a><\/p>\n<p>Colaboradores:<\/p>\n<p><a href=\"http:\/\/www.shaolin-yuntai.com\" target=\"_blank\" rel=\"noopener\">www.shaolin-yuntai.com<\/a><\/p>\n","protected":false},"excerpt":{"rendered":"<p>Clube de Artes Marciais de Albufeira Telem\u00f3vel: +351 964 632 220 (Presidente Luis Silva) Mail: geral@artesmarciaisalbufeira.com Clube de Artes Marciais de Albufeira Fundado Dia 9 de Dezembro de 2008 NIF: 508817030 Corpos Sociais Constitui\u00e7\u00e3o do Clube de Artes Marciais de Albufeira A Mesa de Assembleia Geral Presidente: Ant\u00f3nio Luis Silva Pita Vice-presidente: Fernando Edmundo Martins [&hellip;]<\/p>\n","protected":false},"author":1,"featured_media":0,"parent":0,"menu_order":0,"comment_status":"closed","ping_status":"closed","template":"","meta":[],"yoast_head":"<!-- This site is optimized with the Yoast SEO plugin v15.0 - https:\/\/yoast.com\/wordpress\/plugins\/seo\/ -->\n<title>Condi\u00e7\u00f5es de Servi\u00e7os - Clube de Artes Marciais de Albufeira<\/title>\n<meta name=\"robots\" content=\"index, follow, max-snippet:-1, max-image-preview:large, max-video-preview:-1\" \/>\n<link rel=\"canonical\" href=\"http:\/\/artesmarciaisalbufeira.com\/pt\/condicoes-de-servicos\/\" \/>\n<meta property=\"og:locale\" content=\"pt_PT\" \/>\n<meta property=\"og:type\" content=\"article\" \/>\n<meta property=\"og:title\" content=\"Condi\u00e7\u00f5es de Servi\u00e7os - Clube de Artes Marciais de Albufeira\" \/>\n<meta property=\"og:description\" content=\"Clube de Artes Marciais de Albufeira Telem\u00f3vel: +351 964 632 220 (Presidente Luis Silva) Mail: geral@artesmarciaisalbufeira.com Clube de Artes Marciais de Albufeira Fundado Dia 9 de Dezembro de 2008 NIF: 508817030 Corpos Sociais Constitui\u00e7\u00e3o do Clube de Artes Marciais de Albufeira A Mesa de Assembleia Geral Presidente: Ant\u00f3nio Luis Silva Pita Vice-presidente: Fernando Edmundo Martins [&hellip;]\" \/>\n<meta property=\"og:url\" content=\"http:\/\/artesmarciaisalbufeira.com\/pt\/condicoes-de-servicos\/\" \/>\n<meta property=\"og:site_name\" content=\"Clube de Artes Marciais de Albufeira\" \/>\n<meta property=\"article:modified_time\" content=\"2017-10-30T21:13:07+00:00\" \/>\n<meta name=\"twitter:card\" content=\"summary\" \/>\n<script type=\"application\/ld+json\" class=\"yoast-schema-graph\">{\"@context\":\"https:\/\/schema.org\",\"@graph\":[{\"@type\":\"WebSite\",\"@id\":\"https:\/\/artesmarciaisalbufeira.com\/pt\/#website\",\"url\":\"https:\/\/artesmarciaisalbufeira.com\/pt\/\",\"name\":\"Clube de Artes Marciais de Albufeira\",\"description\":\"Clube de Artes Marciais de Albufeira\",\"potentialAction\":[{\"@type\":\"SearchAction\",\"target\":\"https:\/\/artesmarciaisalbufeira.com\/pt\/?s={search_term_string}\",\"query-input\":\"required name=search_term_string\"}],\"inLanguage\":\"pt-PT\"},{\"@type\":\"WebPage\",\"@id\":\"http:\/\/artesmarciaisalbufeira.com\/pt\/condicoes-de-servicos\/#webpage\",\"url\":\"http:\/\/artesmarciaisalbufeira.com\/pt\/condicoes-de-servicos\/\",\"name\":\"Condi\\u00e7\\u00f5es de Servi\\u00e7os - Clube de Artes Marciais de Albufeira\",\"isPartOf\":{\"@id\":\"https:\/\/artesmarciaisalbufeira.com\/pt\/#website\"},\"datePublished\":\"2017-10-30T21:12:52+00:00\",\"dateModified\":\"2017-10-30T21:13:07+00:00\",\"inLanguage\":\"pt-PT\",\"potentialAction\":[{\"@type\":\"ReadAction\",\"target\":[\"http:\/\/artesmarciaisalbufeira.com\/pt\/condicoes-de-servicos\/\"]}]}]}<\/script>\n<!-- \/ Yoast SEO plugin. -->","_links":{"self":[{"href":"https:\/\/artesmarciaisalbufeira.com\/pt\/wp-json\/wp\/v2\/pages\/2886"}],"collection":[{"href":"https:\/\/artesmarciaisalbufeira.com\/pt\/wp-json\/wp\/v2\/pages"}],"about":[{"href":"https:\/\/artesmarciaisalbufeira.com\/pt\/wp-json\/wp\/v2\/types\/page"}],"author":[{"embeddable":true,"href":"https:\/\/artesmarciaisalbufeira.com\/pt\/wp-json\/wp\/v2\/users\/1"}],"replies":[{"embeddable":true,"href":"https:\/\/artesmarciaisalbufeira.com\/pt\/wp-json\/wp\/v2\/comments?post=2886"}],"version-history":[{"count":2,"href":"https:\/\/artesmarciaisalbufeira.com\/pt\/wp-json\/wp\/v2\/pages\/2886\/revisions"}],"predecessor-version":[{"id":2888,"href":"https:\/\/artesmarciaisalbufeira.com\/pt\/wp-json\/wp\/v2\/pages\/2886\/revisions\/2888"}],"wp:attachment":[{"href":"https:\/\/artesmarciaisalbufeira.com\/pt\/wp-json\/wp\/v2\/media?parent=2886"}],"curies":[{"name":"wp","href":"https:\/\/api.w.org\/{rel}","templated":true}]}}